{"id":9904,"date":"2024-09-03T12:25:28","date_gmt":"2024-09-03T12:25:28","guid":{"rendered":"https:\/\/gardmex.breinas.com\/?post_type=product&#038;p=9904"},"modified":"2025-01-28T12:46:28","modified_gmt":"2025-01-28T12:46:28","slug":"gardmex-flexible-lawn-edging-kit-e-08","status":"publish","type":"product","link":"https:\/\/gardmex.breinas.com\/lt\/produktas\/gardmex-flexible-lawn-edging-kit-e-08\/","title":{"rendered":"Lankstus vejos bortelio rinkinys\n(10 m + 20 vnt. vini\u0173)"},"content":{"rendered":"<p><span style=\"font-size: medium;\">puikus sprendimas \u012fvairiems kra\u0161tovaizd\u017eio projektams. Nesvarbu, ar formuojate sodo, g\u0117lynus ar dar\u017eo ribas, pri\u017ei\u016brite vej\u0105, \u012frengin\u0117jate takelius \u2013 \u0161io bortelio lankstumas ir tvirtumas leis formuoti tiek tiesias linijas, tiek kreives ar visi\u0161kus apskritimus. Puikiai tinka ir \u017eaidim\u0173 aik\u0161tel\u0117ms, kap\u0173 prie\u017ei\u016brai, alpinariumams ar net japoni\u0161kiems sodams.<\/span><\/p>","protected":false},"excerpt":{"rendered":"<p>ideal solution for various landscaping projects. Whether you&#8217;re defining garden borders, maintaining lawns, or creating pathways, its durability and flexibility<\/p>","protected":false},"featured_media":10555,"template":"","meta":{"_acf_changed":false},"product_brand":[],"product_cat":[72],"product_tag":[],"class_list":{"0":"post-9904","1":"product","2":"type-product","3":"status-publish","4":"has-post-thumbnail","6":"product_cat-landscape-edging","8":"first","9":"instock","10":"shipping-taxable","11":"product-type-simple"},"acf":[],"_links":{"self":[{"href":"https:\/\/gardmex.breinas.com\/lt\/wp-json\/wp\/v2\/product\/9904","targetHints":{"allow":["GET"]}}],"collection":[{"href":"https:\/\/gardmex.breinas.com\/lt\/wp-json\/wp\/v2\/product"}],"about":[{"href":"https:\/\/gardmex.breinas.com\/lt\/wp-json\/wp\/v2\/types\/product"}],"version-history":[{"count":2,"href":"https:\/\/gardmex.breinas.com\/lt\/wp-json\/wp\/v2\/product\/9904\/revisions"}],"predecessor-version":[{"id":10301,"href":"https:\/\/gardmex.breinas.com\/lt\/wp-json\/wp\/v2\/product\/9904\/revisions\/10301"}],"wp:featuredmedia":[{"embeddable":true,"href":"https:\/\/gardmex.breinas.com\/lt\/wp-json\/wp\/v2\/media\/10555"}],"wp:attachment":[{"href":"https:\/\/gardmex.breinas.com\/lt\/wp-json\/wp\/v2\/media?parent=9904"}],"wp:term":[{"taxonomy":"product_brand","embeddable":true,"href":"https:\/\/gardmex.breinas.com\/lt\/wp-json\/wp\/v2\/product_brand?post=9904"},{"taxonomy":"product_cat","embeddable":true,"href":"https:\/\/gardmex.breinas.com\/lt\/wp-json\/wp\/v2\/product_cat?post=9904"},{"taxonomy":"product_tag","embeddable":true,"href":"https:\/\/gardmex.breinas.com\/lt\/wp-json\/wp\/v2\/product_tag?post=9904"}],"curies":[{"name":"wp","href":"https:\/\/api.w.org\/{rel}","templated":true}]}}