{"id":9892,"date":"2024-09-03T12:00:34","date_gmt":"2024-09-03T12:00:34","guid":{"rendered":"https:\/\/gardmex.breinas.com\/?post_type=product&#038;p=9892"},"modified":"2025-01-29T20:48:17","modified_gmt":"2025-01-29T20:48:17","slug":"floor-tile-p-02","status":"publish","type":"product","link":"https:\/\/gardmex.breinas.com\/lt\/produktas\/floor-tile-p-02\/","title":{"rendered":"Grind\u0173 dangos plytel\u0117s"},"content":{"rendered":"<p><span style=\"font-size: medium;\">d\u0117ka plastikini\u0173 plyteli\u0173 patvarumo ir atsparumo vandeniui, jas galima panaudoti \u012fvairiose srityse, \u012fskaitant terasas ir kitas lauko poilsio zonas, du\u0161us, baseinus, s\u016bkurines vonias. \u0160ios plytel\u0117s taip pat tinkamos naudoti laivuose, prieplaukose, sporto ar \u017eaidim\u0173 aik\u0161tel\u0117se bei kaip pagrindas kitose dr\u0117gnose vietose. Plytel\u0117s neskleid\u017eia jokio kvapo tad gali b\u016bti naudojamos ir vidaus patalpose: balkonuose, gara\u017euose, skalbyklose, pagalbin\u0117se patalpose.<\/span><\/p>","protected":false},"excerpt":{"rendered":"<p>plastic floor tiles are designed for wet areas and outdoor flooring, making them perfect for pool surrounds and deck-top floors.<\/p>","protected":false},"featured_media":9893,"template":"","meta":{"_acf_changed":false},"product_brand":[],"product_cat":[81],"product_tag":[],"class_list":{"0":"post-9892","1":"product","2":"type-product","3":"status-publish","4":"has-post-thumbnail","6":"product_cat-floor-decking","8":"first","9":"instock","10":"shipping-taxable","11":"product-type-simple"},"acf":[],"_links":{"self":[{"href":"https:\/\/gardmex.breinas.com\/lt\/wp-json\/wp\/v2\/product\/9892","targetHints":{"allow":["GET"]}}],"collection":[{"href":"https:\/\/gardmex.breinas.com\/lt\/wp-json\/wp\/v2\/product"}],"about":[{"href":"https:\/\/gardmex.breinas.com\/lt\/wp-json\/wp\/v2\/types\/product"}],"version-history":[{"count":8,"href":"https:\/\/gardmex.breinas.com\/lt\/wp-json\/wp\/v2\/product\/9892\/revisions"}],"predecessor-version":[{"id":10597,"href":"https:\/\/gardmex.breinas.com\/lt\/wp-json\/wp\/v2\/product\/9892\/revisions\/10597"}],"wp:featuredmedia":[{"embeddable":true,"href":"https:\/\/gardmex.breinas.com\/lt\/wp-json\/wp\/v2\/media\/9893"}],"wp:attachment":[{"href":"https:\/\/gardmex.breinas.com\/lt\/wp-json\/wp\/v2\/media?parent=9892"}],"wp:term":[{"taxonomy":"product_brand","embeddable":true,"href":"https:\/\/gardmex.breinas.com\/lt\/wp-json\/wp\/v2\/product_brand?post=9892"},{"taxonomy":"product_cat","embeddable":true,"href":"https:\/\/gardmex.breinas.com\/lt\/wp-json\/wp\/v2\/product_cat?post=9892"},{"taxonomy":"product_tag","embeddable":true,"href":"https:\/\/gardmex.breinas.com\/lt\/wp-json\/wp\/v2\/product_tag?post=9892"}],"curies":[{"name":"wp","href":"https:\/\/api.w.org\/{rel}","templated":true}]}}