{"id":9888,"date":"2024-09-03T12:21:20","date_gmt":"2024-09-03T12:21:20","guid":{"rendered":"https:\/\/gardmex.breinas.com\/?post_type=product&#038;p=9888"},"modified":"2025-01-28T13:06:20","modified_gmt":"2025-01-28T13:06:20","slug":"plastic-peg-for-geotextile-n-03","status":"publish","type":"product","link":"https:\/\/gardmex.breinas.com\/lt\/produktas\/plastic-peg-for-geotextile-n-03\/","title":{"rendered":"Smeig\u0117s geotekstilei"},"content":{"rendered":"<p><span style=\"font-size: medium;\">Smeig\u0117s naudojamos sodo, dar\u017eo, ap\u017eeldinimo tvarkyme, kuomet yra klojama geotekstil\u0117 ar kita sodo danga, kuri\u0105 reikia patikimai \u012ftvirtinti \u012f \u017eem\u0119 ar kit\u0105 pagrind\u0105.<\/span><\/p>","protected":false},"excerpt":{"rendered":"<p>these pegs are used in gardening and landscaping areas where you need to attach geotextile or other garden sheets firmly<\/p>","protected":false},"featured_media":10566,"template":"","meta":{"_acf_changed":false},"product_brand":[],"product_cat":[82],"product_tag":[],"class_list":{"0":"post-9888","1":"product","2":"type-product","3":"status-publish","4":"has-post-thumbnail","6":"product_cat-other-products","8":"first","9":"instock","10":"shipping-taxable","11":"product-type-simple"},"acf":[],"_links":{"self":[{"href":"https:\/\/gardmex.breinas.com\/lt\/wp-json\/wp\/v2\/product\/9888","targetHints":{"allow":["GET"]}}],"collection":[{"href":"https:\/\/gardmex.breinas.com\/lt\/wp-json\/wp\/v2\/product"}],"about":[{"href":"https:\/\/gardmex.breinas.com\/lt\/wp-json\/wp\/v2\/types\/product"}],"version-history":[{"count":2,"href":"https:\/\/gardmex.breinas.com\/lt\/wp-json\/wp\/v2\/product\/9888\/revisions"}],"predecessor-version":[{"id":10567,"href":"https:\/\/gardmex.breinas.com\/lt\/wp-json\/wp\/v2\/product\/9888\/revisions\/10567"}],"wp:featuredmedia":[{"embeddable":true,"href":"https:\/\/gardmex.breinas.com\/lt\/wp-json\/wp\/v2\/media\/10566"}],"wp:attachment":[{"href":"https:\/\/gardmex.breinas.com\/lt\/wp-json\/wp\/v2\/media?parent=9888"}],"wp:term":[{"taxonomy":"product_brand","embeddable":true,"href":"https:\/\/gardmex.breinas.com\/lt\/wp-json\/wp\/v2\/product_brand?post=9888"},{"taxonomy":"product_cat","embeddable":true,"href":"https:\/\/gardmex.breinas.com\/lt\/wp-json\/wp\/v2\/product_cat?post=9888"},{"taxonomy":"product_tag","embeddable":true,"href":"https:\/\/gardmex.breinas.com\/lt\/wp-json\/wp\/v2\/product_tag?post=9888"}],"curies":[{"name":"wp","href":"https:\/\/api.w.org\/{rel}","templated":true}]}}