{"id":9883,"date":"2024-09-03T12:19:49","date_gmt":"2024-09-03T12:19:49","guid":{"rendered":"https:\/\/gardmex.breinas.com\/?post_type=product&#038;p=9883"},"modified":"2025-01-28T12:33:09","modified_gmt":"2025-01-28T12:33:09","slug":"plastic-deco-edging","status":"publish","type":"product","link":"https:\/\/gardmex.breinas.com\/lt\/produktas\/plastic-deco-edging\/","title":{"rendered":"Dekoratyvinis Atitvaras \u201eAkmenukai\u201c"},"content":{"rendered":"<p><span style=\"font-size: medium;\"><span lang=\"lt-LT\">Neprofesional\u016bs ap\u017eeldintojai itin da\u017enai renkasi \u0161\u012f dekoratyvin\u012f plastikin\u012f bort\u0105 d\u0117l itin paprasto montavimo ir eleganti\u0161kos i\u0161vaizdos. \u0160is produktas yra specialiai sukurtas lengam naudojimui \u2013 montaviui nereikia joki\u0173 vini\u0173, o suneriama sistema padeda greitai ir efektyviai jungti vien\u0105 segment\u0105 su kitu, galima jungti kampu. \u0160is universalus sprendimas puikiai tinka \u012fvairiems panaudojimo b\u016bdams: g\u0117lyn\u0173, dar\u017eo rib\u0173 formavimui, alpinariumams, japoni\u0161kiems sodams ar kapaviet\u0117ms.<\/span><\/span><\/p>","protected":false},"excerpt":{"rendered":"<p>non-professional users frequently opt for this decorative plastic border due to its user-friendly nature and tidy appearance. It is specifically<\/p>","protected":false},"featured_media":9887,"template":"","meta":{"_acf_changed":false},"product_brand":[],"product_cat":[72],"product_tag":[],"class_list":{"0":"post-9883","1":"product","2":"type-product","3":"status-publish","4":"has-post-thumbnail","6":"product_cat-landscape-edging","8":"first","9":"instock","10":"shipping-taxable","11":"product-type-simple"},"acf":[],"_links":{"self":[{"href":"https:\/\/gardmex.breinas.com\/lt\/wp-json\/wp\/v2\/product\/9883","targetHints":{"allow":["GET"]}}],"collection":[{"href":"https:\/\/gardmex.breinas.com\/lt\/wp-json\/wp\/v2\/product"}],"about":[{"href":"https:\/\/gardmex.breinas.com\/lt\/wp-json\/wp\/v2\/types\/product"}],"version-history":[{"count":1,"href":"https:\/\/gardmex.breinas.com\/lt\/wp-json\/wp\/v2\/product\/9883\/revisions"}],"predecessor-version":[{"id":10298,"href":"https:\/\/gardmex.breinas.com\/lt\/wp-json\/wp\/v2\/product\/9883\/revisions\/10298"}],"wp:featuredmedia":[{"embeddable":true,"href":"https:\/\/gardmex.breinas.com\/lt\/wp-json\/wp\/v2\/media\/9887"}],"wp:attachment":[{"href":"https:\/\/gardmex.breinas.com\/lt\/wp-json\/wp\/v2\/media?parent=9883"}],"wp:term":[{"taxonomy":"product_brand","embeddable":true,"href":"https:\/\/gardmex.breinas.com\/lt\/wp-json\/wp\/v2\/product_brand?post=9883"},{"taxonomy":"product_cat","embeddable":true,"href":"https:\/\/gardmex.breinas.com\/lt\/wp-json\/wp\/v2\/product_cat?post=9883"},{"taxonomy":"product_tag","embeddable":true,"href":"https:\/\/gardmex.breinas.com\/lt\/wp-json\/wp\/v2\/product_tag?post=9883"}],"curies":[{"name":"wp","href":"https:\/\/api.w.org\/{rel}","templated":true}]}}