{"id":9876,"date":"2024-09-04T12:18:25","date_gmt":"2024-09-04T12:18:25","guid":{"rendered":"https:\/\/gardmex.breinas.com\/?post_type=product&#038;p=9876"},"modified":"2025-01-12T20:52:38","modified_gmt":"2025-01-12T20:52:38","slug":"gardmex-paving-grids","status":"publish","type":"product","link":"https:\/\/gardmex.breinas.com\/lt\/produktas\/gardmex-paving-grids\/","title":{"rendered":"Vejos korys"},"content":{"rendered":"<p><span style=\"font-size: medium;\">skirti \u017eol\u0117s ir grunto plotams sutvirtinti. \u0160ie koriai yra itin tvirti, tod\u0117l tinka automobili\u0173 aik\u0161tel\u0117ms, \u0161aligatviams, dvira\u010di\u0173 ir p\u0117s\u010di\u0173j\u0173 takams, keliams bei j\u0173 apsaugai nuo prov\u0117\u017e\u0173. Taip pat gali b\u016bti naudojami sodo takams, terasoms, golfo laukams, \u017eaidim\u0173 aik\u0161tel\u0117ms, \u0161laitams, apsaugant j\u0173 dirvo\u017eem\u012f nuo erozijos ir pagerinant vandens drena\u017e\u0105. Koriai gali b\u016bti u\u017epildomi sm\u0117li\u0173, \u017evyru, skalda ar montuojami \u012f \u017eali\u0105sias zonas, kur auginama veja.<\/span><\/p>","protected":false},"excerpt":{"rendered":"<p>paving grid systems are versatile for landscaping and construction projects, used in driveways, parking areas, and pathways to support vehicular<\/p>","protected":false},"featured_media":9877,"template":"","meta":{"_acf_changed":false},"product_brand":[],"product_cat":[80],"product_tag":[],"class_list":{"0":"post-9876","1":"product","2":"type-product","3":"status-publish","4":"has-post-thumbnail","6":"product_cat-paving-grids","8":"first","9":"instock","10":"shipping-taxable","11":"product-type-simple"},"acf":[],"_links":{"self":[{"href":"https:\/\/gardmex.breinas.com\/lt\/wp-json\/wp\/v2\/product\/9876","targetHints":{"allow":["GET"]}}],"collection":[{"href":"https:\/\/gardmex.breinas.com\/lt\/wp-json\/wp\/v2\/product"}],"about":[{"href":"https:\/\/gardmex.breinas.com\/lt\/wp-json\/wp\/v2\/types\/product"}],"version-history":[{"count":2,"href":"https:\/\/gardmex.breinas.com\/lt\/wp-json\/wp\/v2\/product\/9876\/revisions"}],"predecessor-version":[{"id":10323,"href":"https:\/\/gardmex.breinas.com\/lt\/wp-json\/wp\/v2\/product\/9876\/revisions\/10323"}],"wp:featuredmedia":[{"embeddable":true,"href":"https:\/\/gardmex.breinas.com\/lt\/wp-json\/wp\/v2\/media\/9877"}],"wp:attachment":[{"href":"https:\/\/gardmex.breinas.com\/lt\/wp-json\/wp\/v2\/media?parent=9876"}],"wp:term":[{"taxonomy":"product_brand","embeddable":true,"href":"https:\/\/gardmex.breinas.com\/lt\/wp-json\/wp\/v2\/product_brand?post=9876"},{"taxonomy":"product_cat","embeddable":true,"href":"https:\/\/gardmex.breinas.com\/lt\/wp-json\/wp\/v2\/product_cat?post=9876"},{"taxonomy":"product_tag","embeddable":true,"href":"https:\/\/gardmex.breinas.com\/lt\/wp-json\/wp\/v2\/product_tag?post=9876"}],"curies":[{"name":"wp","href":"https:\/\/api.w.org\/{rel}","templated":true}]}}