{"id":9871,"date":"2024-09-03T12:17:00","date_gmt":"2024-09-03T12:17:00","guid":{"rendered":"https:\/\/gardmex.breinas.com\/?post_type=product&#038;p=9871"},"modified":"2025-01-28T12:27:42","modified_gmt":"2025-01-28T12:27:42","slug":"nails","status":"publish","type":"product","link":"https:\/\/gardmex.breinas.com\/lt\/produktas\/nails\/","title":{"rendered":"Nails"},"content":{"rendered":"<p><span style=\"font-size: medium;\">\u0161ie vinys tinka tvirtinti tiek PROFI (E-11, E-22), tiek STANDARD (E-04, E-05, E-06) linij\u0173 plastikinius vejos bortus \u012f \u017eem\u0119, siekiant juos stabiliai \u012ftvirtinti.<\/span><\/p>","protected":false},"excerpt":{"rendered":"<p>these nails are suitable to hammer both PROFI (E-11, E-22) and STANDARD (E-04, E-05, E-06) LANDSCAPE EDGING SYSTEMS to the<\/p>","protected":false},"featured_media":10550,"template":"","meta":{"_acf_changed":false},"product_brand":[],"product_cat":[72],"product_tag":[],"class_list":{"0":"post-9871","1":"product","2":"type-product","3":"status-publish","4":"has-post-thumbnail","6":"product_cat-landscape-edging","8":"first","9":"instock","10":"shipping-taxable","11":"product-type-simple"},"acf":[],"_links":{"self":[{"href":"https:\/\/gardmex.breinas.com\/lt\/wp-json\/wp\/v2\/product\/9871","targetHints":{"allow":["GET"]}}],"collection":[{"href":"https:\/\/gardmex.breinas.com\/lt\/wp-json\/wp\/v2\/product"}],"about":[{"href":"https:\/\/gardmex.breinas.com\/lt\/wp-json\/wp\/v2\/types\/product"}],"version-history":[{"count":2,"href":"https:\/\/gardmex.breinas.com\/lt\/wp-json\/wp\/v2\/product\/9871\/revisions"}],"predecessor-version":[{"id":10435,"href":"https:\/\/gardmex.breinas.com\/lt\/wp-json\/wp\/v2\/product\/9871\/revisions\/10435"}],"wp:featuredmedia":[{"embeddable":true,"href":"https:\/\/gardmex.breinas.com\/lt\/wp-json\/wp\/v2\/media\/10550"}],"wp:attachment":[{"href":"https:\/\/gardmex.breinas.com\/lt\/wp-json\/wp\/v2\/media?parent=9871"}],"wp:term":[{"taxonomy":"product_brand","embeddable":true,"href":"https:\/\/gardmex.breinas.com\/lt\/wp-json\/wp\/v2\/product_brand?post=9871"},{"taxonomy":"product_cat","embeddable":true,"href":"https:\/\/gardmex.breinas.com\/lt\/wp-json\/wp\/v2\/product_cat?post=9871"},{"taxonomy":"product_tag","embeddable":true,"href":"https:\/\/gardmex.breinas.com\/lt\/wp-json\/wp\/v2\/product_tag?post=9871"}],"curies":[{"name":"wp","href":"https:\/\/api.w.org\/{rel}","templated":true}]}}