{"id":9866,"date":"2024-09-03T12:15:23","date_gmt":"2024-09-03T12:15:23","guid":{"rendered":"https:\/\/gardmex.breinas.com\/?post_type=product&#038;p=9866"},"modified":"2025-01-12T20:50:47","modified_gmt":"2025-01-12T20:50:47","slug":"tree-trunk-protector","status":"publish","type":"product","link":"https:\/\/gardmex.breinas.com\/lt\/produktas\/tree-trunk-protector\/","title":{"rendered":"Med\u017ei\u0173 kamien\u0173 apsaugos"},"content":{"rendered":"<p><span style=\"font-size: medium;\">Med\u017ei\u0173 kamien\u0173 apsaugos da\u017enai naudojamos miesto parkuose, gyvenam\u0173j\u0173 nam\u0173 soduose, \u017eem\u0117s \u016bkio soduose ir mi\u0161k\u0173 ataugin\u0117jimo plotuose, siekiant apsaugoti med\u017eius ir sodinukus nuo \u012fvairi\u0173 gr\u0117smi\u0173, toki\u0173 kaip vejos ir jos prie\u017ei\u016bros \u012franga, grau\u017eikai ar net ma\u017ei augintiniai.<\/span><\/p>","protected":false},"excerpt":{"rendered":"<p>tree trunk guards are versatile protective solutions applied in urban parks, residential gardens, agricultural orchards, and reforestation projects to shield<\/p>","protected":false},"featured_media":10477,"template":"","meta":{"_acf_changed":false},"product_brand":[],"product_cat":[82],"product_tag":[],"class_list":{"0":"post-9866","1":"product","2":"type-product","3":"status-publish","4":"has-post-thumbnail","6":"product_cat-other-products","8":"first","9":"instock","10":"shipping-taxable","11":"product-type-simple"},"acf":[],"_links":{"self":[{"href":"https:\/\/gardmex.breinas.com\/lt\/wp-json\/wp\/v2\/product\/9866","targetHints":{"allow":["GET"]}}],"collection":[{"href":"https:\/\/gardmex.breinas.com\/lt\/wp-json\/wp\/v2\/product"}],"about":[{"href":"https:\/\/gardmex.breinas.com\/lt\/wp-json\/wp\/v2\/types\/product"}],"version-history":[{"count":2,"href":"https:\/\/gardmex.breinas.com\/lt\/wp-json\/wp\/v2\/product\/9866\/revisions"}],"predecessor-version":[{"id":10328,"href":"https:\/\/gardmex.breinas.com\/lt\/wp-json\/wp\/v2\/product\/9866\/revisions\/10328"}],"wp:featuredmedia":[{"embeddable":true,"href":"https:\/\/gardmex.breinas.com\/lt\/wp-json\/wp\/v2\/media\/10477"}],"wp:attachment":[{"href":"https:\/\/gardmex.breinas.com\/lt\/wp-json\/wp\/v2\/media?parent=9866"}],"wp:term":[{"taxonomy":"product_brand","embeddable":true,"href":"https:\/\/gardmex.breinas.com\/lt\/wp-json\/wp\/v2\/product_brand?post=9866"},{"taxonomy":"product_cat","embeddable":true,"href":"https:\/\/gardmex.breinas.com\/lt\/wp-json\/wp\/v2\/product_cat?post=9866"},{"taxonomy":"product_tag","embeddable":true,"href":"https:\/\/gardmex.breinas.com\/lt\/wp-json\/wp\/v2\/product_tag?post=9866"}],"curies":[{"name":"wp","href":"https:\/\/api.w.org\/{rel}","templated":true}]}}