{"id":9855,"date":"2024-09-03T12:11:43","date_gmt":"2024-09-03T12:11:43","guid":{"rendered":"https:\/\/gardmex.breinas.com\/?post_type=product&#038;p=9855"},"modified":"2025-01-28T12:31:38","modified_gmt":"2025-01-28T12:31:38","slug":"gardmex-plastic-serrated-edging-stakes","status":"publish","type":"product","link":"https:\/\/gardmex.breinas.com\/lt\/produktas\/gardmex-plastic-serrated-edging-stakes\/","title":{"rendered":"Dantytos vinys"},"content":{"rendered":"<p><span style=\"font-size: medium;\"><span lang=\"lt-LT\">\u0161ie vinys tinka tvirtinti STANDARD (E-04, E-05, E-06) linijos plastikinius vejos bortus \u012f \u017eem\u0119, siekiant juos stabiliai \u012ftvirtinti.<\/span><\/span><\/p>","protected":false},"excerpt":{"rendered":"<p>These nails are suitable to hammer STANDARD (E-04, E-05, E-06) LANDSCAPE EDGING SYSTEMS to the ground to strengthen their position<\/p>","protected":false},"featured_media":10552,"template":"","meta":{"_acf_changed":false},"product_brand":[],"product_cat":[72],"product_tag":[],"class_list":{"0":"post-9855","1":"product","2":"type-product","3":"status-publish","4":"has-post-thumbnail","6":"product_cat-landscape-edging","8":"first","9":"instock","10":"shipping-taxable","11":"product-type-simple"},"acf":[],"_links":{"self":[{"href":"https:\/\/gardmex.breinas.com\/lt\/wp-json\/wp\/v2\/product\/9855","targetHints":{"allow":["GET"]}}],"collection":[{"href":"https:\/\/gardmex.breinas.com\/lt\/wp-json\/wp\/v2\/product"}],"about":[{"href":"https:\/\/gardmex.breinas.com\/lt\/wp-json\/wp\/v2\/types\/product"}],"version-history":[{"count":2,"href":"https:\/\/gardmex.breinas.com\/lt\/wp-json\/wp\/v2\/product\/9855\/revisions"}],"predecessor-version":[{"id":10313,"href":"https:\/\/gardmex.breinas.com\/lt\/wp-json\/wp\/v2\/product\/9855\/revisions\/10313"}],"wp:featuredmedia":[{"embeddable":true,"href":"https:\/\/gardmex.breinas.com\/lt\/wp-json\/wp\/v2\/media\/10552"}],"wp:attachment":[{"href":"https:\/\/gardmex.breinas.com\/lt\/wp-json\/wp\/v2\/media?parent=9855"}],"wp:term":[{"taxonomy":"product_brand","embeddable":true,"href":"https:\/\/gardmex.breinas.com\/lt\/wp-json\/wp\/v2\/product_brand?post=9855"},{"taxonomy":"product_cat","embeddable":true,"href":"https:\/\/gardmex.breinas.com\/lt\/wp-json\/wp\/v2\/product_cat?post=9855"},{"taxonomy":"product_tag","embeddable":true,"href":"https:\/\/gardmex.breinas.com\/lt\/wp-json\/wp\/v2\/product_tag?post=9855"}],"curies":[{"name":"wp","href":"https:\/\/api.w.org\/{rel}","templated":true}]}}