{"id":9850,"date":"2024-09-03T12:10:28","date_gmt":"2024-09-03T12:10:28","guid":{"rendered":"https:\/\/gardmex.breinas.com\/?post_type=product&#038;p=9850"},"modified":"2025-01-28T12:20:18","modified_gmt":"2025-01-28T12:20:18","slug":"gardmex45-plastic-landscape-border-edging-e-01","status":"publish","type":"product","link":"https:\/\/gardmex.breinas.com\/lt\/produktas\/gardmex45-plastic-landscape-border-edging-e-01\/","title":{"rendered":"Vejos bortas 45 PROFI LINE"},"content":{"rendered":"<p><span style=\"font-size: medium;\">plastikini\u0173 vejos borteli\u0173 sistemos yra itin patvarios ir lanks\u010dios, tod\u0117l puikiai tinka kurti tvarkingas ir ai\u0161kiai apibr\u0117\u017etas ribas aplink g\u0117lynus, takus bei sodo lysves. \u0160ios sistemos taip pat da\u017enai naudojamos \u012fva\u017eiavim\u0173 bei takeli\u0173 rib\u0173 formavimui, \u012fr\u0117minant trinkeles ir suteikiant i\u0161baigtum\u0105 bet kokioms lauko erdv\u0117ms.<\/span><\/p>\n<p><span style=\"font-size: medium;\">Nesvarbu, ar tai b\u016bt\u0173 privat\u016bs sodai ar vie\u0161i parkai, plastikin\u0117s vejos borteli\u0173 sistemos bus efektyvus ir ilgaam\u017eis b\u016bdas pagerinti lauko erdvi\u0173 estetik\u0105 ir funkcionalum\u0105!<\/span><\/p>\n<p><span style=\"font-size: medium;\">\u00a0<\/span><\/p>","protected":false},"excerpt":{"rendered":"<p>plastic edging systems durability and flexibility make them ideal for creating clean and defined borders around flower beds, pathways, and<\/p>","protected":false},"featured_media":10539,"template":"","meta":{"_acf_changed":false},"product_brand":[],"product_cat":[72],"product_tag":[],"class_list":{"0":"post-9850","1":"product","2":"type-product","3":"status-publish","4":"has-post-thumbnail","6":"product_cat-landscape-edging","8":"first","9":"instock","10":"shipping-taxable","11":"product-type-simple"},"acf":[],"_links":{"self":[{"href":"https:\/\/gardmex.breinas.com\/lt\/wp-json\/wp\/v2\/product\/9850","targetHints":{"allow":["GET"]}}],"collection":[{"href":"https:\/\/gardmex.breinas.com\/lt\/wp-json\/wp\/v2\/product"}],"about":[{"href":"https:\/\/gardmex.breinas.com\/lt\/wp-json\/wp\/v2\/types\/product"}],"version-history":[{"count":3,"href":"https:\/\/gardmex.breinas.com\/lt\/wp-json\/wp\/v2\/product\/9850\/revisions"}],"predecessor-version":[{"id":10306,"href":"https:\/\/gardmex.breinas.com\/lt\/wp-json\/wp\/v2\/product\/9850\/revisions\/10306"}],"wp:featuredmedia":[{"embeddable":true,"href":"https:\/\/gardmex.breinas.com\/lt\/wp-json\/wp\/v2\/media\/10539"}],"wp:attachment":[{"href":"https:\/\/gardmex.breinas.com\/lt\/wp-json\/wp\/v2\/media?parent=9850"}],"wp:term":[{"taxonomy":"product_brand","embeddable":true,"href":"https:\/\/gardmex.breinas.com\/lt\/wp-json\/wp\/v2\/product_brand?post=9850"},{"taxonomy":"product_cat","embeddable":true,"href":"https:\/\/gardmex.breinas.com\/lt\/wp-json\/wp\/v2\/product_cat?post=9850"},{"taxonomy":"product_tag","embeddable":true,"href":"https:\/\/gardmex.breinas.com\/lt\/wp-json\/wp\/v2\/product_tag?post=9850"}],"curies":[{"name":"wp","href":"https:\/\/api.w.org\/{rel}","templated":true}]}}