{"id":10518,"date":"2025-01-28T08:17:38","date_gmt":"2025-01-28T08:17:38","guid":{"rendered":"https:\/\/gardmex.breinas.com\/?post_type=product&#038;p=10518"},"modified":"2025-02-05T07:59:40","modified_gmt":"2025-02-05T07:59:40","slug":"raised-garden-bed-extension-set","status":"publish","type":"product","link":"https:\/\/gardmex.breinas.com\/lt\/produktas\/raised-garden-bed-extension-set\/","title":{"rendered":"Pakeltos lysv\u0117s prailginimo rinkinys"},"content":{"rendered":"<p>Pakelt\u0173 lysvi\u0173 prailginimo rinkiniai naudojami sujungti dvi ar daugiau pakelt\u0173 lysvi\u0173 \u012f vien\u0105. Montavimas itin paprastas \u2013<br \/>\ntereikia dvi kampines jungtis pakeisti \u012f prailginan\u010dias jungtis, kad sujungtum\u0117te du ar kelis pakelt\u0173 lysvi\u0173 rinkinius \u012f vien\u0105 vienet\u0105.<\/p>","protected":false},"excerpt":{"rendered":"<p>Raised garden bed extension sets are used to connect two or more raised garden bed sets into one. The installation<\/p>","protected":false},"featured_media":10519,"template":"","meta":{"_acf_changed":false},"product_brand":[],"product_cat":[79],"product_tag":[],"class_list":{"0":"post-10518","1":"product","2":"type-product","3":"status-publish","4":"has-post-thumbnail","6":"product_cat-raised-garden-beds","8":"first","9":"instock","10":"shipping-taxable","11":"product-type-simple"},"acf":[],"_links":{"self":[{"href":"https:\/\/gardmex.breinas.com\/lt\/wp-json\/wp\/v2\/product\/10518","targetHints":{"allow":["GET"]}}],"collection":[{"href":"https:\/\/gardmex.breinas.com\/lt\/wp-json\/wp\/v2\/product"}],"about":[{"href":"https:\/\/gardmex.breinas.com\/lt\/wp-json\/wp\/v2\/types\/product"}],"version-history":[{"count":1,"href":"https:\/\/gardmex.breinas.com\/lt\/wp-json\/wp\/v2\/product\/10518\/revisions"}],"predecessor-version":[{"id":10524,"href":"https:\/\/gardmex.breinas.com\/lt\/wp-json\/wp\/v2\/product\/10518\/revisions\/10524"}],"wp:featuredmedia":[{"embeddable":true,"href":"https:\/\/gardmex.breinas.com\/lt\/wp-json\/wp\/v2\/media\/10519"}],"wp:attachment":[{"href":"https:\/\/gardmex.breinas.com\/lt\/wp-json\/wp\/v2\/media?parent=10518"}],"wp:term":[{"taxonomy":"product_brand","embeddable":true,"href":"https:\/\/gardmex.breinas.com\/lt\/wp-json\/wp\/v2\/product_brand?post=10518"},{"taxonomy":"product_cat","embeddable":true,"href":"https:\/\/gardmex.breinas.com\/lt\/wp-json\/wp\/v2\/product_cat?post=10518"},{"taxonomy":"product_tag","embeddable":true,"href":"https:\/\/gardmex.breinas.com\/lt\/wp-json\/wp\/v2\/product_tag?post=10518"}],"curies":[{"name":"wp","href":"https:\/\/api.w.org\/{rel}","templated":true}]}}